{"id":9,"date":"2024-12-06T22:35:00","date_gmt":"2024-12-06T22:35:00","guid":{"rendered":"https:\/\/sygmar.pl\/index.php\/strona-glowna\/"},"modified":"2025-02-11T19:53:59","modified_gmt":"2025-02-11T19:53:59","slug":"strona-glowna","status":"publish","type":"page","link":"https:\/\/sygmar.pl\/","title":{"rendered":"Strona g\u0142\u00f3wna"},"content":{"rendered":"<section class=\"l-section wpb_row us_custom_057801f8 height_small color_secondary\"><div class=\"l-section-h i-cf\"><div class=\"g-cols vc_row via_grid cols_1 laptops-cols_inherit tablets-cols_inherit mobiles-cols_1 valign_top type_default stacking_default\"><div class=\"wpb_column vc_column_container\"><div class=\"vc_column-inner\"><h1 class=\"w-text us_custom_96433d18 background_inside_text\"><span class=\"w-text-h\"><span class=\"w-text-value\">Twoje potrzeby, nasza technologia \u2013 idealne opakowania na wyci\u0105gni\u0119cie r\u0119ki<\/span><\/span><\/h1><div class=\"wpb_text_column us_custom_03ff9c5b has_text_color\"><div class=\"wpb_wrapper\"><p style=\"text-align: left;\"><strong>Produkujemy opakowania, etykietujemy, pakujemy i konfekcjonujemy produkty, dostarczaj\u0105c jako\u015b\u0107 popart\u0105 wieloletnim do\u015bwiadczeniem.<\/strong><\/p>\n<\/div><\/div><div class=\"w-separator size_small\"><\/div><div class=\"w-hwrapper valign_middle wrap align_left\"><div class=\"w-btn-wrapper align_none\"><a class=\"w-btn us-btn-style_1 us_custom_ae66c2cd\" href=\"https:\/\/sygmar.pl\/?page_id=341\"><span class=\"w-btn-label\">Oferta<\/span><\/a><\/div><div class=\"w-btn-wrapper align_none\"><a class=\"w-btn us-btn-style_3\" href=\"#kontakt\"><span class=\"w-btn-label\">Skontaktuj si\u0119!<\/span><\/a><\/div><\/div><\/div><\/div><\/div><\/div><\/section><section class=\"l-section wpb_row us_custom_e5597817 height_medium with_shape\"><div class=\"l-section-shape type_tilt pos_top hor_flip\" style=\"height:10vmin;\"><svg xmlns=\"http:\/\/www.w3.org\/2000\/svg\" viewBox=\"0 0 64 8\" preserveAspectRatio=\"none\" width=\"100%\" height=\"100%\">\r\n\t<path fill=\"currentColor\" d=\"M64 7.9 L64 10 L0 10 L0 0 Z\"\/>\r\n<\/svg><\/div><div class=\"l-section-shape type_tilt pos_bottom hor_flip\" style=\"height:10vmin;\"><svg xmlns=\"http:\/\/www.w3.org\/2000\/svg\" viewBox=\"0 0 64 8\" preserveAspectRatio=\"none\" width=\"100%\" height=\"100%\">\r\n\t<path fill=\"currentColor\" d=\"M64 7.9 L64 10 L0 10 L0 0 Z\"\/>\r\n<\/svg><\/div><div class=\"l-section-h i-cf\"><div class=\"g-cols vc_row via_grid cols_1 laptops-cols_inherit tablets-cols_inherit mobiles-cols_1 valign_top type_default stacking_default\"><div class=\"wpb_column vc_column_container\"><div class=\"vc_column-inner\"><div class=\"w-separator size_small\"><\/div><div class=\"w-hwrapper valign_middle wrap align_justify\" style=\"--hwrapper-gap:2rem\"><div class=\"wpb_text_column us_custom_dc01bcb8\"><div class=\"wpb_wrapper\"><h2>Oferta<\/h2>\n<p>Nasza firma od ponad 30 lat dostarcza kompleksowe rozwi\u0105zania w zakresie produkcji opakowa\u0144 i kosmetyk\u00f3w, obs\u0142uguj\u0105c klient\u00f3w z ca\u0142ej Polski, w tym z wojew\u00f3dztwa mazowieckiego, Radomia i Warszawy. Specjalizujemy si\u0119 w tworzeniu opakowa\u0144 z tworzyw sztucznych i kartonu, a tak\u017ce w produkcji i konfekcjonowaniu kosmetyk\u00f3w piel\u0119gnacyjnych. Dzi\u0119ki nowoczesnym technologiom i wieloletniemu do\u015bwiadczeniu zapewniamy wysok\u0105 jako\u015b\u0107 oraz pe\u0142ne wsparcie na ka\u017cdym etapie wsp\u00f3\u0142pracy. Sprawd\u017a, w czym mo\u017cemy Ci pom\u00f3c!<\/p>\n<\/div><\/div><\/div><div class=\"w-separator size_small\"><\/div><div class=\"w-btn-wrapper align_center\"><a class=\"w-btn us-btn-style_1\" href=\"https:\/\/sygmar.pl\/index.php\/oferta\/\"><span class=\"w-btn-label\">Zobacz pe\u0142n\u0105 ofert\u0119<\/span><\/a><\/div><div class=\"w-separator size_medium\"><\/div><div class=\"g-cols wpb_row via_grid cols_2 laptops-cols_inherit tablets-cols_1 mobiles-cols_1 valign_middle type_default stacking_default\" style=\"--columns-gap:2vw;\"><div class=\"wpb_column vc_column_container\"><div class=\"vc_column-inner\"><div class=\"w-ibanner us_custom_5021430d has_text_color animation_aphelia ratio_3x2 easing_easeInOutCirc\"><div class=\"w-ibanner-h\"><div class=\"w-ibanner-image\" style=\"background-image: url(https:\/\/sygmar.pl\/wp-content\/uploads\/2024\/12\/render2.webp)\"><\/div><div class=\"w-ibanner-content\"><div class=\"w-ibanner-content-h\"><h3 class=\"w-ibanner-title\">Opakowania z tworzyw sztucznych<\/h3><div class=\"w-ibanner-desc\"><p>Nowoczesne opakowania, kt\u00f3re chroni\u0105 i wyr\u00f3\u017cniaj\u0105 Tw\u00f3j produkt.<br \/>\nProdukujemy butelki, nakr\u0119tki, s\u0142oiki i pojemniki z tworzyw sztucznych, kt\u00f3re idealnie sprawdz\u0105 si\u0119 w bran\u017cy kosmetycznej, chemicznej i przemys\u0142owej. Nasze opakowania to precyzja i trwa\u0142o\u015b\u0107.<\/p>\n<\/div><\/div><\/div><\/div><\/div><div class=\"w-separator size_custom\" style=\"height:2vw\"><\/div><div class=\"w-ibanner us_custom_b0bfaa91 has_text_color animation_aphelia ratio_3x2 easing_easeInOutCirc\"><div class=\"w-ibanner-h\"><div class=\"w-ibanner-image\" style=\"background-image: url(https:\/\/sygmar.pl\/wp-content\/uploads\/2025\/02\/SG105631-1.webp)\"><\/div><div class=\"w-ibanner-content\"><div class=\"w-ibanner-content-h\"><h3 class=\"w-ibanner-title\">Konfekcjonowanie i pakowanie<\/h3><div class=\"w-ibanner-desc\"><p>Twoje produkty gotowe do sprzeda\u017cy.<br \/>\nZajmujemy si\u0119 nalewaniem, etykietowaniem, pakowaniem i zgrzewaniem produkt\u00f3w w folie. Profesjonalne wyko\u0144czenie, kt\u00f3re podkre\u015bli jako\u015b\u0107 Twojej marki.<\/p>\n<\/div><\/div><\/div><\/div><\/div><div class=\"w-separator size_custom\" style=\"height:2vw\"><\/div><div class=\"w-ibanner us_custom_9b3461a3 has_text_color animation_aphelia ratio_3x2 easing_easeInOutCirc\"><div class=\"w-ibanner-h\"><div class=\"w-ibanner-image\" style=\"background-image: url(https:\/\/sygmar.pl\/wp-content\/uploads\/2025\/02\/IMG_1115.webp)\"><\/div><div class=\"w-ibanner-content\"><div class=\"w-ibanner-content-h\"><h3 class=\"w-ibanner-title\">Preparaty do piel\u0119gnacji r\u0105k i cia\u0142a<\/h3><div class=\"w-ibanner-desc\"><p>Innowacyjne formu\u0142y dla zdrowia i piel\u0119gnacji.<br \/>\nTworzymy kosmetyki takie jak \u017cele dezynfekuj\u0105ce, p\u0142yny alkoholowe i spirytus kosmetyczny. Nasze produkty \u0142\u0105cz\u0105 skuteczno\u015b\u0107 z bezpiecze\u0144stwem dla u\u017cytkownika.<\/p>\n<\/div><\/div><\/div><\/div><\/div><div class=\"w-separator size_custom\" style=\"height:2vw\"><\/div><div class=\"w-ibanner us_custom_dfe62dc4 has_text_color animation_aphelia ratio_3x2 easing_easeInOutCirc\"><div class=\"w-ibanner-h\"><div class=\"w-ibanner-image\" style=\"background-image: url(https:\/\/sygmar.pl\/wp-content\/uploads\/2024\/12\/forma-1024x980.webp)\"><\/div><div class=\"w-ibanner-content\"><div class=\"w-ibanner-content-h\"><h3 class=\"w-ibanner-title\">Formy do rozdmuchu i wtrysku<\/h3><div class=\"w-ibanner-desc\"><p>Precyzyjne formy, kt\u00f3re nadaj\u0105 kszta\u0142t Twoim produktom.<br \/>\nSpecjalizujemy si\u0119 w projektowaniu stalowych i aluminiowych form do produkcji opakowa\u0144. Precyzja wykonania zapewnia najwy\u017csz\u0105 jako\u015b\u0107 produkt\u00f3w ko\u0144cowych.<\/p>\n<\/div><\/div><\/div><\/div><\/div><div class=\"w-separator hide_on_tablets hide_on_mobiles size_huge\"><\/div><\/div><\/div><div class=\"wpb_column vc_column_container\"><div class=\"vc_column-inner\"><div class=\"w-ibanner us_custom_5021430d has_text_color animation_aphelia ratio_3x2 easing_easeInOutCirc\"><div class=\"w-ibanner-h\"><div class=\"w-ibanner-image\" style=\"background-image: url(https:\/\/sygmar.pl\/wp-content\/uploads\/2025\/02\/IMG_1131.webp)\"><\/div><div class=\"w-ibanner-content\"><div class=\"w-ibanner-content-h\"><h3 class=\"w-ibanner-title\">Opakowania z tektury i kartonu<\/h3><div class=\"w-ibanner-desc\"><p>Ekologiczne i trwa\u0142e opakowania z tektury.<br \/>\nProjektujemy i wykonujemy kartonowe pude\u0142ka, tacki oraz formatki dopasowane do Twoich potrzeb. Idealne rozwi\u0105zanie dla bran\u017cy kosmetycznej i chemicznej.<\/p>\n<\/div><\/div><\/div><\/div><\/div><div class=\"w-separator size_custom\" style=\"height:2vw\"><\/div><div class=\"w-ibanner us_custom_dfe62dc4 has_text_color animation_aphelia ratio_3x2 easing_easeInOutCirc\"><div class=\"w-ibanner-h\"><div class=\"w-ibanner-image\" style=\"background-image: url(https:\/\/sygmar.pl\/wp-content\/uploads\/2025\/02\/SG105634-1.webp)\"><\/div><div class=\"w-ibanner-content\"><div class=\"w-ibanner-content-h\"><h3 class=\"w-ibanner-title\">Kosmetyki do piel\u0119gnacji sk\u00f3rek i paznokci<\/h3><div class=\"w-ibanner-desc\"><p>Profesjonalne kosmetyki dla Twojej marki.<br \/>\nOferujemy produkcj\u0119 olejk\u00f3w, zmywaczy i odt\u0142uszczaczy do paznokci. Mo\u017cesz polega\u0107 na naszej jako\u015bci, niezale\u017cnie od tego, czy potrzebujesz produktu z naszej formu\u0142y, czy w\u0142asnej receptury.<\/p>\n<\/div><\/div><\/div><\/div><\/div><div class=\"w-separator size_custom\" style=\"height:2vw\"><\/div><div class=\"w-ibanner us_custom_a7f09b74 has_text_color animation_aphelia ratio_3x2 easing_easeInOutCirc\"><div class=\"w-ibanner-h\"><div class=\"w-ibanner-image\" style=\"background-image: url(https:\/\/sygmar.pl\/wp-content\/uploads\/2024\/12\/soudal_bombka.webp)\"><\/div><div class=\"w-ibanner-content\"><div class=\"w-ibanner-content-h\"><h3 class=\"w-ibanner-title\">Tampodruk<\/h3><div class=\"w-ibanner-desc\"><p>Nadruki, kt\u00f3re wzmacniaj\u0105 identyfikacj\u0119 Twojej marki.<br \/>\nWykonujemy tampodruk na plastiku, szkle, metalu i papierze. Twoje logo i grafika zyskaj\u0105 trwa\u0142y, estetyczny wygl\u0105d.<\/p>\n<\/div><\/div><\/div><\/div><\/div><div class=\"w-separator hide_on_default hide_on_laptops size_custom\" style=\"height:100px\"><\/div><\/div><\/div><\/div><\/div><\/div><\/div><\/div><\/section><section class=\"l-section wpb_row height_auto with_shape\"><div class=\"l-section-shape type_tilt pos_top\" style=\"height:10vmin;\"><svg xmlns=\"http:\/\/www.w3.org\/2000\/svg\" viewBox=\"0 0 64 8\" preserveAspectRatio=\"none\" width=\"100%\" height=\"100%\">\r\n\t<path fill=\"currentColor\" d=\"M64 7.9 L64 10 L0 10 L0 0 Z\"\/>\r\n<\/svg><\/div><div class=\"l-section-h i-cf\"><div class=\"g-cols vc_row via_grid cols_2 laptops-cols_inherit tablets-cols_inherit mobiles-cols_1 valign_middle type_default stacking_default\"><div class=\"wpb_column vc_column_container\"><div class=\"vc_column-inner\"><div class=\"wpb_text_column us_custom_933613eb\"><div class=\"wpb_wrapper\"><h2 style=\"text-align: center;\">Jeste\u015b zainteresowany naszymi us\u0142ugami? Sprawd\u017a pe\u0142n\u0105 ofert\u0119 produkcyjn\u0105 i us\u0142ugow\u0105!<\/h2>\n<\/div><\/div><div class=\"w-separator size_small\"><\/div><div class=\"w-btn-wrapper align_center\"><a class=\"w-btn us-btn-style_1 icon_atright\" href=\"https:\/\/sygmar.pl\/index.php\/oferta\/\"><span class=\"w-btn-label\">Przejd\u017a do oferty<\/span><i class=\"fas fa-arrow-right\"><\/i><\/a><\/div><\/div><\/div><div class=\"wpb_column vc_column_container\"><div class=\"vc_column-inner\"><div data-us-scroll=\"{&quot;from_initial_position&quot;:&quot;0&quot;,&quot;start_position&quot;:&quot;0%&quot;,&quot;end_position&quot;:&quot;100%&quot;,&quot;delay&quot;:&quot;0.1s&quot;,&quot;scale_direction&quot;:&quot;up&quot;,&quot;scale_speed&quot;:&quot;0.5x&quot;}\" class=\"w-image has_scroll_effects has_scale align_none\"><div class=\"w-image-h\"><img decoding=\"async\" width=\"1024\" height=\"1024\" src=\"https:\/\/sygmar.pl\/wp-content\/uploads\/2024\/12\/production-line-7.svg\" class=\"attachment-large size-large\" alt=\"\" loading=\"lazy\" \/><\/div><\/div><\/div><\/div><\/div><\/div><\/section><section class=\"l-section wpb_row us_custom_368b58b7 height_medium with_shape\" id=\"onas\"><div class=\"l-section-shape type_tilt pos_top\" style=\"height:10vmin;\"><svg xmlns=\"http:\/\/www.w3.org\/2000\/svg\" viewBox=\"0 0 64 8\" preserveAspectRatio=\"none\" width=\"100%\" height=\"100%\">\r\n\t<path fill=\"currentColor\" d=\"M64 7.9 L64 10 L0 10 L0 0 Z\"\/>\r\n<\/svg><\/div><div class=\"l-section-h i-cf\"><div class=\"g-cols vc_row via_grid cols_2-3 laptops-cols_inherit tablets-cols_inherit mobiles-cols_1 valign_middle type_default stacking_default\"><div class=\"wpb_column vc_column_container\"><div class=\"vc_column-inner\"><div data-us-scroll=\"{&quot;from_initial_position&quot;:&quot;0&quot;,&quot;start_position&quot;:&quot;0%&quot;,&quot;end_position&quot;:&quot;100%&quot;,&quot;delay&quot;:&quot;0.1s&quot;,&quot;scale_direction&quot;:&quot;up&quot;,&quot;scale_speed&quot;:&quot;0.5x&quot;}\" class=\"w-image has_scroll_effects has_scale align_left\"><div class=\"w-image-h\"><img decoding=\"async\" width=\"1024\" height=\"1024\" src=\"https:\/\/sygmar.pl\/wp-content\/uploads\/2024\/12\/team-work-3-39.svg\" class=\"attachment-large size-large\" alt=\"\" loading=\"lazy\" \/><\/div><\/div><\/div><\/div><div class=\"wpb_column vc_column_container\"><div class=\"vc_column-inner\"><div class=\"wpb_text_column us_custom_72ca7a8c\"><div class=\"wpb_wrapper\"><h2>Kim jeste\u015bmy?<\/h2>\n<p>Jeste\u015bmy firm\u0105 istniej\u0105c\u0105 na ryku od pocz\u0105tku lat 90-tych, kt\u00f3ra zajmuje si\u0119 produkcj\u0105 opakowa\u0144 z tworzyw sztucznych, produkcj\u0105, etykietowaniem, pakowaniem i konfekcjonowaniem kosmetyk\u00f3w. Tworzymy opakowania plastikowe dla produkt\u00f3w kosmetycznych, chemicznych, laboratoryjnych itp. Prowadzimy produkcj\u0119 prostych opakowa\u0144 z kartonu i tektury pod potrzeby kosmetyczne i chemiczne. Pracujemy na wysoce wyspecjalizowanych, wydajnych maszynach i urz\u0105dzeniach o du\u017cej wydajno\u015bci produkcji. Dzi\u0119ki nim mo\u017cemy skupi\u0107 si\u0119 na kluczowych aspektach produktu i uzyska\u0107 maksymaln\u0105 precyzj\u0119 przy optymalnym nak\u0142adzie pracy. Dok\u0142adamy wszelkich stara\u0144, aby nasze wyroby i us\u0142ugi by\u0142y jak najwy\u017cszej jako\u015bci.<br \/>Szukasz nowoczesnego i lojalnego partnera Twojej firmy? Zapraszamy do zapoznania si\u0119 z nasz\u0105 ofert\u0105.<\/p>\n<\/div><\/div><\/div><\/div><\/div><\/div><\/section><section class=\"l-section wpb_row height_auto width_full\" id=\"kontakt\"><div class=\"l-section-h i-cf\"><div class=\"g-cols vc_row via_grid cols_1 laptops-cols_inherit tablets-cols_1 mobiles-cols_1 valign_middle type_default stacking_default\" style=\"--columns-gap:0rem;\"><div class=\"wpb_column vc_column_container\"><div class=\"vc_column-inner\"><div class=\"w-map provider_osm us_custom_ad22d5c8\" id=\"us_map_1\"><div class=\"w-map-inner\"><div class=\"w-map-json\" onclick='return {&quot;address&quot;:&quot;Chemiczna 5A 26-670 Pionki&quot;,&quot;disableDragging&quot;:0,&quot;disableZoom&quot;:1,&quot;hideControls&quot;:0,&quot;zoom&quot;:8,&quot;markers&quot;:[{&quot;address&quot;:&quot;Chemiczna 5A 26-670 Pionki&quot;,&quot;html&quot;:&quot;&lt;h6&gt;Hej, jeste\\u015bmy tutaj!&lt;\\\/h6&gt;&lt;p&gt;\\n\\tChemiczna 5A 26-670 Pionki\\n&lt;\\\/p&gt;&quot;,&quot;infowindow&quot;:0}],&quot;icon&quot;:{&quot;url&quot;:&quot;https:\\\/\\\/sygmar.pl\\\/wp-content\\\/uploads\\\/2024\\\/12\\\/LOGO.svg&quot;,&quot;size&quot;:[80,80]},&quot;style&quot;:&quot;https:\\\/\\\/{s}.basemaps.cartocdn.com\\\/light_all\\\/{z}\\\/{x}\\\/{y}{r}.png&quot;}'><\/div><\/div><\/div><\/div><\/div><div class=\"wpb_column vc_column_container us_custom_6dd97409 has_bg_color\"><div class=\"vc_column-inner\"><div class=\"w-image us_custom_25531fd9 us_animate_this has_height align_center\"><div class=\"w-image-h\"><img decoding=\"async\" width=\"1024\" height=\"1024\" src=\"https:\/\/sygmar.pl\/wp-content\/uploads\/2024\/12\/team-work-2-21.svg\" class=\"attachment-large size-large\" alt=\"\" loading=\"lazy\" \/><\/div><\/div><h4 class=\"w-text icon_atleft\"><span class=\"w-text-h\"><i class=\"fal fa-map-marker-alt\"><\/i><span class=\"w-text-value\">ul. Chemiczna 5A 26-670 Pionki<\/span><\/span><\/h4><h4 class=\"w-text icon_atleft\"><span class=\"w-text-h\"><i class=\"fal fa-info\"><\/i><span class=\"w-text-value\">NIP: 812-147-58-70<\/span><\/span><\/h4><h4 class=\"w-text icon_atleft\"><a href=\"tel:+48 607 220 628\" class=\"w-text-h\"><i class=\"fal fa-phone\"><\/i><span class=\"w-text-value\">+48 607 220 628<\/span><\/a><\/h4><h4 class=\"w-text icon_atleft\"><a href=\"mailto:biuro@sygmar.pl\" class=\"w-text-h\"><i class=\"fal fa-at\"><\/i><span class=\"w-text-value\">biuro@sygmar.pl<\/span><\/a><\/h4><\/div><\/div><\/div><\/div><\/section>\n","protected":false},"excerpt":{"rendered":"","protected":false},"author":1,"featured_media":0,"parent":0,"menu_order":0,"comment_status":"closed","ping_status":"closed","template":"","meta":{"footnotes":""},"class_list":["post-9","page","type-page","status-publish","hentry"],"aioseo_notices":[],"_links":{"self":[{"href":"https:\/\/sygmar.pl\/index.php?rest_route=\/wp\/v2\/pages\/9","targetHints":{"allow":["GET"]}}],"collection":[{"href":"https:\/\/sygmar.pl\/index.php?rest_route=\/wp\/v2\/pages"}],"about":[{"href":"https:\/\/sygmar.pl\/index.php?rest_route=\/wp\/v2\/types\/page"}],"author":[{"embeddable":true,"href":"https:\/\/sygmar.pl\/index.php?rest_route=\/wp\/v2\/users\/1"}],"replies":[{"embeddable":true,"href":"https:\/\/sygmar.pl\/index.php?rest_route=%2Fwp%2Fv2%2Fcomments&post=9"}],"version-history":[{"count":137,"href":"https:\/\/sygmar.pl\/index.php?rest_route=\/wp\/v2\/pages\/9\/revisions"}],"predecessor-version":[{"id":415,"href":"https:\/\/sygmar.pl\/index.php?rest_route=\/wp\/v2\/pages\/9\/revisions\/415"}],"wp:attachment":[{"href":"https:\/\/sygmar.pl\/index.php?rest_route=%2Fwp%2Fv2%2Fmedia&parent=9"}],"curies":[{"name":"wp","href":"https:\/\/api.w.org\/{rel}","templated":true}]}}